{"id":1761,"date":"2025-04-17T15:00:59","date_gmt":"2025-04-17T19:00:59","guid":{"rendered":"https:\/\/atelierscreatifsw.ca\/home\/"},"modified":"2026-04-03T16:42:29","modified_gmt":"2026-04-03T20:42:29","slug":"home","status":"publish","type":"page","link":"https:\/\/atelierscreatifsw.ca\/en\/","title":{"rendered":"Home"},"content":{"rendered":"\n<h1>\n\t\t\tLes Ateliers cr\u00e9atifs W\t<\/h1>\n<h3>\n\t\t\tL\u00e0 o\u00f9 l&#8217;imaginaire prend vie, un saut \u00e0 la fois!\t<\/h3>\n\t\t\t<a href=\"#samedi-creatifs\" target=\"_self\">\n\t\t\t\t\t\t\tSamedis cr\u00e9atifs\n\t\t\t\t\t<\/a>\n\t\t\t<a href=\"#spontane\" target=\"_self\">\n\t\t\t\t\t\t\t\u00c9v\u00e9nements pour tous\n\t\t\t\t\t<\/a>\n\t\t\t<a href=\"#projets-speciaux\" target=\"_self\">\n\t\t\t\t\t\t\tProjets sp\u00e9ciaux\n\t\t\t\t\t<\/a>\n\t\n\t\t\t\t\tLes Ateliers cr\u00e9atifs W proposent des activit\u00e9s artistiques\n\t\t\t\tGRATUITES\n\t\t\t\t\t, ouvertes \u00e0 toute la communaut\u00e9.\n\t\t\t\n\t<p>Les Ateliers cr\u00e9atifs W souhaitent d\u00e9velopper la cr\u00e9ativit\u00e9, le potentiel et la confiance de tous et toutes, particuli\u00e8rement des jeunes, en offrant des projets artistiques, \u00e9ducatifs et communautaires\u00a0:<\/p>\n<ul>\n<li>Ateliers du samedi pour les jeunes (les Samedis Cr\u00e9atifs)<\/li>\n<li>\u00c9v\u00e9nements cr\u00e9atifs ouverts \u00e0 tous<\/li>\n<li>Activit\u00e9s ponctuelles avec des artistes ou des artisans<\/li>\n<li>Animation et projets scolaires, parascolaires et sp\u00e9ciaux!<\/li>\n<\/ul>\n\t\t\t<a href=\"https:\/\/atelierscreatifsw.ca\/ateliers-creatifs-w\/\" target=\"_self\">\n\t\t\t\t\t\t\tD\u00e9couvrez les Ateliers cr\u00e9atifs W\n\t\t\t\t\t<\/a>\n<figure>\n\t\t\t\t<img decoding=\"async\" src=\"https:\/\/atelierscreatifsw.ca\/wp-content\/uploads\/2025\/12\/atelier-bd-jeune-colore.jpg\" alt=\"atelier-bd-jeune-colore\" height=\"600\" width=\"600\" title=\"atelier-bd-jeune-colore\" loading=\"lazy\" \/>\n\t<\/figure>\n\t<h2>\n\t\t\t\t\tNos activit\u00e9s sont \n\t\t\t\tgratuites,\n\t\t\t\t\tdonc accessibles \u00e0 tous et \u00e0 toutes\n\t\t\t<\/h2>\n<figure>\n\t\t\t\t<img decoding=\"async\" src=\"https:\/\/atelierscreatifsw.ca\/wp-content\/uploads\/\/2025\/11\/Logos-AteliersCreatifsW_CMYK_sans_texte-v2.svg\" alt=\"Logos Ateliers Cr\u00e9atifs W san texte\" height=\"0\" width=\"0\" title=\"Logos Ateliers Cr\u00e9atifs W san texte\" loading=\"lazy\" \/>\n\t<\/figure>\n\t<p><strong>Ces ateliers d&#8217;exploration<\/strong> et activit\u00e9s de cr\u00e9ation artistique sont <strong>pluridisciplinaires<\/strong> : dessin, peinture, photographie, impression, collage, bande dessin\u00e9e, mosa\u00efque, danse, th\u00e9\u00e2tre, tissage et bien plus encore&#8230; Surprendre et innover, <strong>\u00e9veiller la curiosit\u00e9<\/strong>, montrer l&#8217;infini des possibles, c&#8217;est ce qui nous anime!<\/p>\n\t\t\t<a href=\"https:\/\/atelierscreatifsw.ca\/activites\/\" target=\"_self\">\n\t\t\t\t\t\t\tExplorez nos ateliers\n\t\t\t\t\t<\/a>\n<h2>\n\t\t\tNos prochains \u00e9v\u00e9nements pour tous\t<\/h2>\n\t\t<ul>\n\t\t<li data-children-wrapper=\"true\"><\/li>\t<\/ul>\n\n<figure>\n\t\t\t\t<img decoding=\"async\" src=\"https:\/\/atelierscreatifsw.ca\/wp-content\/plugins\/bb-plugin\/img\/pixel.png\" alt=\"\" loading=\"lazy\" \/>\n\t<\/figure>\n\tD\u00e9couvre cette activit\u00e9\n\t\t\t<a href=\"https:\/\/atelierscreatifsw.ca\/archives\/#spontane\" target=\"_self\">\n\t\t\t\t\t\t\tArchives des \u00e9v\u00e9nements pour tous\n\t\t\t\t\t<\/a>\n<h2>\n\t\t\tLes Samedis Cr\u00e9atifs\t<\/h2>\n\t\t<ul>\n\t\t<li data-children-wrapper=\"true\"><\/li>\t<\/ul>\n\n<figure>\n\t\t\t\t<img decoding=\"async\" src=\"https:\/\/atelierscreatifsw.ca\/wp-content\/plugins\/bb-plugin\/img\/pixel.png\" alt=\"\" loading=\"lazy\" \/>\n\t<\/figure>\n\tD\u00e9couvre cette activit\u00e9\n\t\t\t<a href=\"https:\/\/atelierscreatifsw.ca\/archives\/#samedi-creatifs\" target=\"_self\">\n\t\t\t\t\t\t\tArchives des samedis cr\u00e9atifs\n\t\t\t\t\t<\/a>\n<h2>\n\t\t\tLes projets sp\u00e9ciaux actifs\t<\/h2>\n\t\t<ul>\n\t\t<li data-children-wrapper=\"true\"><\/li>\t<\/ul>\n\n<figure>\n\t\t\t\t<img decoding=\"async\" src=\"https:\/\/atelierscreatifsw.ca\/wp-content\/plugins\/bb-plugin\/img\/pixel.png\" alt=\"\" loading=\"lazy\" \/>\n\t<\/figure>\n\tD\u00e9couvre ce projet\n\t\t\t<a href=\"https:\/\/atelierscreatifsw.ca\/archives\/#projets-speciaux\" target=\"_self\">\n\t\t\t\t\t\t\tArchives des projets sp\u00e9ciaux\n\t\t\t\t\t<\/a>\n\tD\u00e9couvrez<br \/>\nnos artistes\n\tEncouragez la<br \/>\ncr\u00e9ativit\u00e9<br \/>\nFaites un don\n\tJoignez-vous<br \/>\n\u00e0 nous comme<br \/>\nb\u00e9n\u00e9vole\n\n","protected":false},"excerpt":{"rendered":"<p>Les Ateliers cr\u00e9atifs W L\u00e0 o\u00f9 l&#8217;imaginaire prend vie, un saut \u00e0 la fois! Samedis cr\u00e9atifs \u00c9v\u00e9nements pour tous Projets sp\u00e9ciaux Les Ateliers cr\u00e9atifs W proposent des activit\u00e9s artistiques GRATUITES , ouvertes \u00e0 toute la communaut\u00e9. Les Ateliers cr\u00e9atifs W souhaitent d\u00e9velopper la cr\u00e9ativit\u00e9, le potentiel et la confiance de tous et toutes, particuli\u00e8rement des&hellip;<\/p>\n","protected":false},"author":1,"featured_media":1760,"parent":0,"menu_order":1,"comment_status":"closed","ping_status":"closed","template":"","meta":{"_acf_changed":false,"footnotes":""},"class_list":["post-1761","page","type-page","status-publish","has-post-thumbnail","hentry"],"acf":[],"yoast_head":"<!-- This site is optimized with the Yoast SEO plugin v27.3 - https:\/\/yoast.com\/product\/yoast-seo-wordpress\/ -->\n<title>Les Ateliers cr\u00e9atifs W<\/title>\n<meta name=\"description\" content=\"Les Ateliers cr\u00e9atifs W offer free art activities to encourage creativity and confidence, especially for youth.\" \/>\n<meta name=\"robots\" content=\"index, follow, max-snippet:-1, max-image-preview:large, max-video-preview:-1\" \/>\n<link rel=\"canonical\" href=\"https:\/\/atelierscreatifsw.ca\/en\/\" \/>\n<meta property=\"og:locale\" content=\"en_US\" \/>\n<meta property=\"og:type\" content=\"article\" \/>\n<meta property=\"og:title\" content=\"Les Ateliers cr\u00e9atifs W\" \/>\n<meta property=\"og:description\" content=\"Les Ateliers cr\u00e9atifs W offer free art activities to encourage creativity and confidence, especially for youth.\" \/>\n<meta property=\"og:url\" content=\"https:\/\/atelierscreatifsw.ca\/en\/\" \/>\n<meta property=\"og:site_name\" content=\"Les Ateliers cr\u00e9atifs W\" \/>\n<meta property=\"article:publisher\" content=\"https:\/\/www.facebook.com\/profile.php?id=61558607669968\" \/>\n<meta property=\"article:modified_time\" content=\"2026-04-03T20:42:29+00:00\" \/>\n<meta property=\"og:image\" content=\"https:\/\/atelierscreatifsw.ca\/wp-content\/uploads\/2026\/02\/image-SEO-ACW-v3-1024x576.jpg\" \/>\n<meta name=\"twitter:card\" content=\"summary_large_image\" \/>\n<meta name=\"twitter:label1\" content=\"Est. reading time\" \/>\n\t<meta name=\"twitter:data1\" content=\"1 minute\" \/>\n<script type=\"application\/ld+json\" class=\"yoast-schema-graph\">{\"@context\":\"https:\\\/\\\/schema.org\",\"@graph\":[{\"@type\":\"WebPage\",\"@id\":\"https:\\\/\\\/atelierscreatifsw.ca\\\/en\\\/\",\"url\":\"https:\\\/\\\/atelierscreatifsw.ca\\\/en\\\/\",\"name\":\"Les Ateliers cr\u00e9atifs W\",\"isPartOf\":{\"@id\":\"https:\\\/\\\/atelierscreatifsw.ca\\\/en\\\/#website\"},\"primaryImageOfPage\":{\"@id\":\"https:\\\/\\\/atelierscreatifsw.ca\\\/en\\\/#primaryimage\"},\"image\":{\"@id\":\"https:\\\/\\\/atelierscreatifsw.ca\\\/en\\\/#primaryimage\"},\"thumbnailUrl\":\"https:\\\/\\\/atelierscreatifsw.ca\\\/wp-content\\\/uploads\\\/2026\\\/02\\\/image-SEO-ACW-v3.jpg\",\"datePublished\":\"2025-04-17T19:00:59+00:00\",\"dateModified\":\"2026-04-03T20:42:29+00:00\",\"description\":\"Les Ateliers cr\u00e9atifs W offer free art activities to encourage creativity and confidence, especially for youth.\",\"breadcrumb\":{\"@id\":\"https:\\\/\\\/atelierscreatifsw.ca\\\/en\\\/#breadcrumb\"},\"inLanguage\":\"en-US\",\"potentialAction\":[{\"@type\":\"ReadAction\",\"target\":[\"https:\\\/\\\/atelierscreatifsw.ca\\\/en\\\/\"]}]},{\"@type\":\"ImageObject\",\"inLanguage\":\"en-US\",\"@id\":\"https:\\\/\\\/atelierscreatifsw.ca\\\/en\\\/#primaryimage\",\"url\":\"https:\\\/\\\/atelierscreatifsw.ca\\\/wp-content\\\/uploads\\\/2026\\\/02\\\/image-SEO-ACW-v3.jpg\",\"contentUrl\":\"https:\\\/\\\/atelierscreatifsw.ca\\\/wp-content\\\/uploads\\\/2026\\\/02\\\/image-SEO-ACW-v3.jpg\",\"width\":1200,\"height\":675},{\"@type\":\"BreadcrumbList\",\"@id\":\"https:\\\/\\\/atelierscreatifsw.ca\\\/en\\\/#breadcrumb\",\"itemListElement\":[{\"@type\":\"ListItem\",\"position\":1,\"name\":\"Accueil\",\"item\":\"https:\\\/\\\/atelierscreatifsw.ca\\\/en\\\/\"},{\"@type\":\"ListItem\",\"position\":2,\"name\":\"Home\"}]},{\"@type\":\"WebSite\",\"@id\":\"https:\\\/\\\/atelierscreatifsw.ca\\\/en\\\/#website\",\"url\":\"https:\\\/\\\/atelierscreatifsw.ca\\\/en\\\/\",\"name\":\"Les Ateliers cr\u00e9atifs W\",\"description\":\"L\u00e0 o\u00f9 l\u2019imaginaire prend vie, un saut \u00e0 la fois!\",\"publisher\":{\"@id\":\"https:\\\/\\\/atelierscreatifsw.ca\\\/en\\\/#organization\"},\"alternateName\":\"Ateliers cr\u00e9atifs W\",\"potentialAction\":[{\"@type\":\"SearchAction\",\"target\":{\"@type\":\"EntryPoint\",\"urlTemplate\":\"https:\\\/\\\/atelierscreatifsw.ca\\\/en\\\/?s={search_term_string}\"},\"query-input\":{\"@type\":\"PropertyValueSpecification\",\"valueRequired\":true,\"valueName\":\"search_term_string\"}}],\"inLanguage\":\"en-US\"},{\"@type\":\"Organization\",\"@id\":\"https:\\\/\\\/atelierscreatifsw.ca\\\/en\\\/#organization\",\"name\":\"Les Ateliers cr\u00e9atifs W\",\"url\":\"https:\\\/\\\/atelierscreatifsw.ca\\\/en\\\/\",\"logo\":{\"@type\":\"ImageObject\",\"inLanguage\":\"en-US\",\"@id\":\"https:\\\/\\\/atelierscreatifsw.ca\\\/en\\\/#\\\/schema\\\/logo\\\/image\\\/\",\"url\":\"https:\\\/\\\/atelierscreatifsw.ca\\\/wp-content\\\/uploads\\\/2025\\\/04\\\/Logos-AteliersCreatifsW_COUL.png\",\"contentUrl\":\"https:\\\/\\\/atelierscreatifsw.ca\\\/wp-content\\\/uploads\\\/2025\\\/04\\\/Logos-AteliersCreatifsW_COUL.png\",\"width\":710,\"height\":927,\"caption\":\"Les Ateliers cr\u00e9atifs W\"},\"image\":{\"@id\":\"https:\\\/\\\/atelierscreatifsw.ca\\\/en\\\/#\\\/schema\\\/logo\\\/image\\\/\"},\"sameAs\":[\"https:\\\/\\\/www.facebook.com\\\/profile.php?id=61558607669968\"]}]}<\/script>\n<!-- \/ Yoast SEO plugin. -->","yoast_head_json":{"title":"Les Ateliers cr\u00e9atifs W","description":"Les Ateliers cr\u00e9atifs W offer free art activities to encourage creativity and confidence, especially for youth.","robots":{"index":"index","follow":"follow","max-snippet":"max-snippet:-1","max-image-preview":"max-image-preview:large","max-video-preview":"max-video-preview:-1"},"canonical":"https:\/\/atelierscreatifsw.ca\/en\/","og_locale":"en_US","og_type":"article","og_title":"Les Ateliers cr\u00e9atifs W","og_description":"Les Ateliers cr\u00e9atifs W offer free art activities to encourage creativity and confidence, especially for youth.","og_url":"https:\/\/atelierscreatifsw.ca\/en\/","og_site_name":"Les Ateliers cr\u00e9atifs W","article_publisher":"https:\/\/www.facebook.com\/profile.php?id=61558607669968","article_modified_time":"2026-04-03T20:42:29+00:00","og_image":[{"url":"https:\/\/atelierscreatifsw.ca\/wp-content\/uploads\/2026\/02\/image-SEO-ACW-v3-1024x576.jpg","type":"","width":"","height":""}],"twitter_card":"summary_large_image","twitter_misc":{"Est. reading time":"1 minute"},"schema":{"@context":"https:\/\/schema.org","@graph":[{"@type":"WebPage","@id":"https:\/\/atelierscreatifsw.ca\/en\/","url":"https:\/\/atelierscreatifsw.ca\/en\/","name":"Les Ateliers cr\u00e9atifs W","isPartOf":{"@id":"https:\/\/atelierscreatifsw.ca\/en\/#website"},"primaryImageOfPage":{"@id":"https:\/\/atelierscreatifsw.ca\/en\/#primaryimage"},"image":{"@id":"https:\/\/atelierscreatifsw.ca\/en\/#primaryimage"},"thumbnailUrl":"https:\/\/atelierscreatifsw.ca\/wp-content\/uploads\/2026\/02\/image-SEO-ACW-v3.jpg","datePublished":"2025-04-17T19:00:59+00:00","dateModified":"2026-04-03T20:42:29+00:00","description":"Les Ateliers cr\u00e9atifs W offer free art activities to encourage creativity and confidence, especially for youth.","breadcrumb":{"@id":"https:\/\/atelierscreatifsw.ca\/en\/#breadcrumb"},"inLanguage":"en-US","potentialAction":[{"@type":"ReadAction","target":["https:\/\/atelierscreatifsw.ca\/en\/"]}]},{"@type":"ImageObject","inLanguage":"en-US","@id":"https:\/\/atelierscreatifsw.ca\/en\/#primaryimage","url":"https:\/\/atelierscreatifsw.ca\/wp-content\/uploads\/2026\/02\/image-SEO-ACW-v3.jpg","contentUrl":"https:\/\/atelierscreatifsw.ca\/wp-content\/uploads\/2026\/02\/image-SEO-ACW-v3.jpg","width":1200,"height":675},{"@type":"BreadcrumbList","@id":"https:\/\/atelierscreatifsw.ca\/en\/#breadcrumb","itemListElement":[{"@type":"ListItem","position":1,"name":"Accueil","item":"https:\/\/atelierscreatifsw.ca\/en\/"},{"@type":"ListItem","position":2,"name":"Home"}]},{"@type":"WebSite","@id":"https:\/\/atelierscreatifsw.ca\/en\/#website","url":"https:\/\/atelierscreatifsw.ca\/en\/","name":"Les Ateliers cr\u00e9atifs W","description":"L\u00e0 o\u00f9 l\u2019imaginaire prend vie, un saut \u00e0 la fois!","publisher":{"@id":"https:\/\/atelierscreatifsw.ca\/en\/#organization"},"alternateName":"Ateliers cr\u00e9atifs W","potentialAction":[{"@type":"SearchAction","target":{"@type":"EntryPoint","urlTemplate":"https:\/\/atelierscreatifsw.ca\/en\/?s={search_term_string}"},"query-input":{"@type":"PropertyValueSpecification","valueRequired":true,"valueName":"search_term_string"}}],"inLanguage":"en-US"},{"@type":"Organization","@id":"https:\/\/atelierscreatifsw.ca\/en\/#organization","name":"Les Ateliers cr\u00e9atifs W","url":"https:\/\/atelierscreatifsw.ca\/en\/","logo":{"@type":"ImageObject","inLanguage":"en-US","@id":"https:\/\/atelierscreatifsw.ca\/en\/#\/schema\/logo\/image\/","url":"https:\/\/atelierscreatifsw.ca\/wp-content\/uploads\/2025\/04\/Logos-AteliersCreatifsW_COUL.png","contentUrl":"https:\/\/atelierscreatifsw.ca\/wp-content\/uploads\/2025\/04\/Logos-AteliersCreatifsW_COUL.png","width":710,"height":927,"caption":"Les Ateliers cr\u00e9atifs W"},"image":{"@id":"https:\/\/atelierscreatifsw.ca\/en\/#\/schema\/logo\/image\/"},"sameAs":["https:\/\/www.facebook.com\/profile.php?id=61558607669968"]}]}},"_links":{"self":[{"href":"https:\/\/atelierscreatifsw.ca\/en\/wp-json\/wp\/v2\/pages\/1761","targetHints":{"allow":["GET"]}}],"collection":[{"href":"https:\/\/atelierscreatifsw.ca\/en\/wp-json\/wp\/v2\/pages"}],"about":[{"href":"https:\/\/atelierscreatifsw.ca\/en\/wp-json\/wp\/v2\/types\/page"}],"author":[{"embeddable":true,"href":"https:\/\/atelierscreatifsw.ca\/en\/wp-json\/wp\/v2\/users\/1"}],"replies":[{"embeddable":true,"href":"https:\/\/atelierscreatifsw.ca\/en\/wp-json\/wp\/v2\/comments?post=1761"}],"version-history":[{"count":2,"href":"https:\/\/atelierscreatifsw.ca\/en\/wp-json\/wp\/v2\/pages\/1761\/revisions"}],"predecessor-version":[{"id":1778,"href":"https:\/\/atelierscreatifsw.ca\/en\/wp-json\/wp\/v2\/pages\/1761\/revisions\/1778"}],"wp:featuredmedia":[{"embeddable":true,"href":"https:\/\/atelierscreatifsw.ca\/en\/wp-json\/wp\/v2\/media\/1760"}],"wp:attachment":[{"href":"https:\/\/atelierscreatifsw.ca\/en\/wp-json\/wp\/v2\/media?parent=1761"}],"curies":[{"name":"wp","href":"https:\/\/api.w.org\/{rel}","templated":true}]}}