{"id":1769,"date":"2025-09-09T13:40:09","date_gmt":"2025-09-09T17:40:09","guid":{"rendered":"https:\/\/atelierscreatifsw.ca\/ateliers-creatifs-w\/"},"modified":"2026-04-03T13:19:37","modified_gmt":"2026-04-03T17:19:37","slug":"ateliers-creatifs-w","status":"publish","type":"page","link":"https:\/\/atelierscreatifsw.ca\/en\/ateliers-creatifs-w\/","title":{"rendered":"Ateliers cr\u00e9atifs W"},"content":{"rendered":"","protected":false},"excerpt":{"rendered":"","protected":false},"author":1,"featured_media":0,"parent":0,"menu_order":10,"comment_status":"closed","ping_status":"closed","template":"","meta":{"_acf_changed":false,"footnotes":""},"class_list":["post-1769","page","type-page","status-publish","hentry"],"acf":[],"yoast_head":"<!-- This site is optimized with the Yoast SEO plugin v27.3 - https:\/\/yoast.com\/product\/yoast-seo-wordpress\/ -->\n<title>Ateliers cr\u00e9atifs W - Les Ateliers cr\u00e9atifs W<\/title>\n<meta name=\"robots\" content=\"index, follow, max-snippet:-1, max-image-preview:large, max-video-preview:-1\" \/>\n<link rel=\"canonical\" href=\"https:\/\/atelierscreatifsw.ca\/en\/ateliers-creatifs-w\/\" \/>\n<meta property=\"og:locale\" content=\"en_US\" \/>\n<meta property=\"og:type\" content=\"article\" \/>\n<meta property=\"og:title\" content=\"Ateliers cr\u00e9atifs W - Les Ateliers cr\u00e9atifs W\" \/>\n<meta property=\"og:url\" content=\"https:\/\/atelierscreatifsw.ca\/en\/ateliers-creatifs-w\/\" \/>\n<meta property=\"og:site_name\" content=\"Les Ateliers cr\u00e9atifs W\" \/>\n<meta property=\"article:publisher\" content=\"https:\/\/www.facebook.com\/profile.php?id=61558607669968\" \/>\n<meta property=\"article:modified_time\" content=\"2026-04-03T17:19:37+00:00\" \/>\n<meta property=\"og:image\" content=\"https:\/\/atelierscreatifsw.ca\/wp-content\/uploads\/2026\/02\/image-SEO-ACW-v2.jpg\" \/>\n\t<meta property=\"og:image:width\" content=\"1200\" \/>\n\t<meta property=\"og:image:height\" content=\"675\" \/>\n\t<meta property=\"og:image:type\" content=\"image\/jpeg\" \/>\n<meta name=\"twitter:card\" content=\"summary_large_image\" \/>\n<script type=\"application\/ld+json\" class=\"yoast-schema-graph\">{\"@context\":\"https:\\\/\\\/schema.org\",\"@graph\":[{\"@type\":\"WebPage\",\"@id\":\"https:\\\/\\\/atelierscreatifsw.ca\\\/en\\\/ateliers-creatifs-w\\\/\",\"url\":\"https:\\\/\\\/atelierscreatifsw.ca\\\/en\\\/ateliers-creatifs-w\\\/\",\"name\":\"Ateliers cr\u00e9atifs W - Les Ateliers cr\u00e9atifs W\",\"isPartOf\":{\"@id\":\"https:\\\/\\\/atelierscreatifsw.ca\\\/en\\\/#website\"},\"datePublished\":\"2025-09-09T17:40:09+00:00\",\"dateModified\":\"2026-04-03T17:19:37+00:00\",\"breadcrumb\":{\"@id\":\"https:\\\/\\\/atelierscreatifsw.ca\\\/en\\\/ateliers-creatifs-w\\\/#breadcrumb\"},\"inLanguage\":\"en-US\",\"potentialAction\":[{\"@type\":\"ReadAction\",\"target\":[\"https:\\\/\\\/atelierscreatifsw.ca\\\/en\\\/ateliers-creatifs-w\\\/\"]}]},{\"@type\":\"BreadcrumbList\",\"@id\":\"https:\\\/\\\/atelierscreatifsw.ca\\\/en\\\/ateliers-creatifs-w\\\/#breadcrumb\",\"itemListElement\":[{\"@type\":\"ListItem\",\"position\":1,\"name\":\"Accueil\",\"item\":\"https:\\\/\\\/atelierscreatifsw.ca\\\/en\\\/\"},{\"@type\":\"ListItem\",\"position\":2,\"name\":\"Ateliers cr\u00e9atifs W\"}]},{\"@type\":\"WebSite\",\"@id\":\"https:\\\/\\\/atelierscreatifsw.ca\\\/en\\\/#website\",\"url\":\"https:\\\/\\\/atelierscreatifsw.ca\\\/en\\\/\",\"name\":\"Les Ateliers cr\u00e9atifs W\",\"description\":\"L\u00e0 o\u00f9 l\u2019imaginaire prend vie, un saut \u00e0 la fois!\",\"publisher\":{\"@id\":\"https:\\\/\\\/atelierscreatifsw.ca\\\/en\\\/#organization\"},\"alternateName\":\"Ateliers cr\u00e9atifs W\",\"potentialAction\":[{\"@type\":\"SearchAction\",\"target\":{\"@type\":\"EntryPoint\",\"urlTemplate\":\"https:\\\/\\\/atelierscreatifsw.ca\\\/en\\\/?s={search_term_string}\"},\"query-input\":{\"@type\":\"PropertyValueSpecification\",\"valueRequired\":true,\"valueName\":\"search_term_string\"}}],\"inLanguage\":\"en-US\"},{\"@type\":\"Organization\",\"@id\":\"https:\\\/\\\/atelierscreatifsw.ca\\\/en\\\/#organization\",\"name\":\"Les Ateliers cr\u00e9atifs W\",\"url\":\"https:\\\/\\\/atelierscreatifsw.ca\\\/en\\\/\",\"logo\":{\"@type\":\"ImageObject\",\"inLanguage\":\"en-US\",\"@id\":\"https:\\\/\\\/atelierscreatifsw.ca\\\/en\\\/#\\\/schema\\\/logo\\\/image\\\/\",\"url\":\"https:\\\/\\\/atelierscreatifsw.ca\\\/wp-content\\\/uploads\\\/2025\\\/04\\\/Logos-AteliersCreatifsW_COUL.png\",\"contentUrl\":\"https:\\\/\\\/atelierscreatifsw.ca\\\/wp-content\\\/uploads\\\/2025\\\/04\\\/Logos-AteliersCreatifsW_COUL.png\",\"width\":710,\"height\":927,\"caption\":\"Les Ateliers cr\u00e9atifs W\"},\"image\":{\"@id\":\"https:\\\/\\\/atelierscreatifsw.ca\\\/en\\\/#\\\/schema\\\/logo\\\/image\\\/\"},\"sameAs\":[\"https:\\\/\\\/www.facebook.com\\\/profile.php?id=61558607669968\"]}]}<\/script>\n<!-- \/ Yoast SEO plugin. -->","yoast_head_json":{"title":"Ateliers cr\u00e9atifs W - Les Ateliers cr\u00e9atifs W","robots":{"index":"index","follow":"follow","max-snippet":"max-snippet:-1","max-image-preview":"max-image-preview:large","max-video-preview":"max-video-preview:-1"},"canonical":"https:\/\/atelierscreatifsw.ca\/en\/ateliers-creatifs-w\/","og_locale":"en_US","og_type":"article","og_title":"Ateliers cr\u00e9atifs W - Les Ateliers cr\u00e9atifs W","og_url":"https:\/\/atelierscreatifsw.ca\/en\/ateliers-creatifs-w\/","og_site_name":"Les Ateliers cr\u00e9atifs W","article_publisher":"https:\/\/www.facebook.com\/profile.php?id=61558607669968","article_modified_time":"2026-04-03T17:19:37+00:00","og_image":[{"width":1200,"height":675,"url":"https:\/\/atelierscreatifsw.ca\/wp-content\/uploads\/2026\/02\/image-SEO-ACW-v2.jpg","type":"image\/jpeg"}],"twitter_card":"summary_large_image","schema":{"@context":"https:\/\/schema.org","@graph":[{"@type":"WebPage","@id":"https:\/\/atelierscreatifsw.ca\/en\/ateliers-creatifs-w\/","url":"https:\/\/atelierscreatifsw.ca\/en\/ateliers-creatifs-w\/","name":"Ateliers cr\u00e9atifs W - Les Ateliers cr\u00e9atifs W","isPartOf":{"@id":"https:\/\/atelierscreatifsw.ca\/en\/#website"},"datePublished":"2025-09-09T17:40:09+00:00","dateModified":"2026-04-03T17:19:37+00:00","breadcrumb":{"@id":"https:\/\/atelierscreatifsw.ca\/en\/ateliers-creatifs-w\/#breadcrumb"},"inLanguage":"en-US","potentialAction":[{"@type":"ReadAction","target":["https:\/\/atelierscreatifsw.ca\/en\/ateliers-creatifs-w\/"]}]},{"@type":"BreadcrumbList","@id":"https:\/\/atelierscreatifsw.ca\/en\/ateliers-creatifs-w\/#breadcrumb","itemListElement":[{"@type":"ListItem","position":1,"name":"Accueil","item":"https:\/\/atelierscreatifsw.ca\/en\/"},{"@type":"ListItem","position":2,"name":"Ateliers cr\u00e9atifs W"}]},{"@type":"WebSite","@id":"https:\/\/atelierscreatifsw.ca\/en\/#website","url":"https:\/\/atelierscreatifsw.ca\/en\/","name":"Les Ateliers cr\u00e9atifs W","description":"L\u00e0 o\u00f9 l\u2019imaginaire prend vie, un saut \u00e0 la fois!","publisher":{"@id":"https:\/\/atelierscreatifsw.ca\/en\/#organization"},"alternateName":"Ateliers cr\u00e9atifs W","potentialAction":[{"@type":"SearchAction","target":{"@type":"EntryPoint","urlTemplate":"https:\/\/atelierscreatifsw.ca\/en\/?s={search_term_string}"},"query-input":{"@type":"PropertyValueSpecification","valueRequired":true,"valueName":"search_term_string"}}],"inLanguage":"en-US"},{"@type":"Organization","@id":"https:\/\/atelierscreatifsw.ca\/en\/#organization","name":"Les Ateliers cr\u00e9atifs W","url":"https:\/\/atelierscreatifsw.ca\/en\/","logo":{"@type":"ImageObject","inLanguage":"en-US","@id":"https:\/\/atelierscreatifsw.ca\/en\/#\/schema\/logo\/image\/","url":"https:\/\/atelierscreatifsw.ca\/wp-content\/uploads\/2025\/04\/Logos-AteliersCreatifsW_COUL.png","contentUrl":"https:\/\/atelierscreatifsw.ca\/wp-content\/uploads\/2025\/04\/Logos-AteliersCreatifsW_COUL.png","width":710,"height":927,"caption":"Les Ateliers cr\u00e9atifs W"},"image":{"@id":"https:\/\/atelierscreatifsw.ca\/en\/#\/schema\/logo\/image\/"},"sameAs":["https:\/\/www.facebook.com\/profile.php?id=61558607669968"]}]}},"_links":{"self":[{"href":"https:\/\/atelierscreatifsw.ca\/en\/wp-json\/wp\/v2\/pages\/1769","targetHints":{"allow":["GET"]}}],"collection":[{"href":"https:\/\/atelierscreatifsw.ca\/en\/wp-json\/wp\/v2\/pages"}],"about":[{"href":"https:\/\/atelierscreatifsw.ca\/en\/wp-json\/wp\/v2\/types\/page"}],"author":[{"embeddable":true,"href":"https:\/\/atelierscreatifsw.ca\/en\/wp-json\/wp\/v2\/users\/1"}],"replies":[{"embeddable":true,"href":"https:\/\/atelierscreatifsw.ca\/en\/wp-json\/wp\/v2\/comments?post=1769"}],"version-history":[{"count":1,"href":"https:\/\/atelierscreatifsw.ca\/en\/wp-json\/wp\/v2\/pages\/1769\/revisions"}],"predecessor-version":[{"id":1775,"href":"https:\/\/atelierscreatifsw.ca\/en\/wp-json\/wp\/v2\/pages\/1769\/revisions\/1775"}],"wp:attachment":[{"href":"https:\/\/atelierscreatifsw.ca\/en\/wp-json\/wp\/v2\/media?parent=1769"}],"curies":[{"name":"wp","href":"https:\/\/api.w.org\/{rel}","templated":true}]}}